{"id":752,"date":"2024-06-19T13:45:32","date_gmt":"2024-06-19T13:45:32","guid":{"rendered":"https:\/\/esroquissarbar.com\/?page_id=752"},"modified":"2025-08-25T09:35:55","modified_gmt":"2025-08-25T09:35:55","slug":"aviso-legal","status":"publish","type":"page","link":"https:\/\/esroquissarbar.com\/index.php\/aviso-legal\/","title":{"rendered":"AVISO LEGAL"},"content":{"rendered":"\t\t<div data-elementor-type=\"wp-page\" data-elementor-id=\"752\" class=\"elementor elementor-752\">\n\t\t\t\t<div class=\"elementor-element elementor-element-1151314f e-flex e-con-boxed e-con e-parent\" data-id=\"1151314f\" data-element_type=\"container\">\n\t\t\t\t\t<div class=\"e-con-inner\">\n\t\t\t\t<div class=\"elementor-element elementor-element-7f0cde0e elementor-widget elementor-widget-text-editor\" data-id=\"7f0cde0e\" data-element_type=\"widget\" data-widget_type=\"text-editor.default\">\n\t\t\t\t<div class=\"elementor-widget-container\">\n\t\t\t\t\t\t\t\t\t<h1><span style=\"color: #000000;\"><strong>AVISO LEGAL<\/strong><\/span><\/h1><p><span style=\"color: #000000;\">1. Identificaci\u00f3n y contacto del propietario de la web.<\/span><\/p><p><span style=\"color: #000000;\">https:\/\/esroquissarbar.es\/ (en adelante la web), es propiedad de <span style=\"font-weight: 400;\">ES ROQUISAR SL <\/span>, en adelante el Titular, con domicilio social en C\/ BARTOMEU ESTARAS MUSIC 1 BAJOS VALLDEMOSSA, 07170, MALLORCA , con tel\u00e9fono (+34) 610831255 y correo electr\u00f3nico presentadofacundo@gmail.com<\/span><\/p><p><span style=\"color: #000000;\">Otros datos del propietario:<\/span><br \/><span style=\"color: #000000;\">Inscrita en el Registro Mercantil de Palma de Mallorca, NIF B57579443, Hoja PM-62664 Tomo 2357 Folio 92, IRUS: 1000095009345<\/span><\/p><p><span style=\"color: #000000;\">2. \u00c1mbito de aplicaci\u00f3n.<\/span><br \/><span style=\"color: #000000;\">La navegaci\u00f3n por el sitio web del Titular implica asumir la condici\u00f3n de usuario y la aceptaci\u00f3n absoluta de lo manifestado en este Aviso Legal.<\/span><\/p><p><span style=\"color: #000000;\">3. Edad.<\/span><br \/><span style=\"color: #000000;\">En virtud de lo dispuesto en la actual legislaci\u00f3n, en nuestra web no tratamos datos de menores de catorce a\u00f1os.<\/span><\/p><p><span style=\"color: #000000;\">4. Propiedad intelectual o industrial.<\/span><br \/><span style=\"color: #000000;\">Los contenidos de la Web, por ejemplo textos, im\u00e1genes, gr\u00e1ficos o c\u00f3digo fuente, est\u00e1n protegidos por derechos de propiedad intelectual e industrial.<\/span><\/p><p><span style=\"color: #000000;\">Tales contenidos no podr\u00e1n ser, por ejemplo, reproducidos o transformados sin el permiso previo y expl\u00edcito del Titular. Los usuarios pueden acceder a los contenidos y realizar copias privadas autorizadas siempre que los elementos reproducidos no sean cedidos posteriormente a terceros, ni se instalen en servidores en red, ni sean objeto de ning\u00fan tipo de explotaci\u00f3n.<\/span><\/p><p><span style=\"color: #000000;\">5. Normas comunes de uso de la web.<\/span><br \/><span style=\"color: #000000;\">El usuario se compromete a hacer un uso de la Web de acuerdo a las siguientes normas:<\/span><\/p><p><span style=\"color: #000000;\">No publicar\u00e1 comunicaciones comerciales a trav\u00e9s del sitio web.<\/span><br \/><span style=\"color: #000000;\">No recopilar\u00e1 contenido o informaci\u00f3n de otros usuarios.<\/span><br \/><span style=\"color: #000000;\">No cargar\u00e1 virus ni c\u00f3digo malintencionado de ning\u00fan tipo.<\/span><br \/><span style=\"color: #000000;\">No solicitar\u00e1 informaci\u00f3n de inicio de sesi\u00f3n ni acceder\u00e1 a una cuenta perteneciente a otro usuario.<\/span><br \/><span style=\"color: #000000;\">No realizar\u00e1 actos il\u00edcitos, enga\u00f1osos, malintencionados o discriminatorios en el sitio web, de acuerdo a estas condiciones y al ordenamiento jur\u00eddico espa\u00f1ol.<\/span><br \/><span style=\"color: #000000;\">En general, no realizar\u00e1 actos que supongan da\u00f1os o lesiones de los derechos de terceros.<\/span><\/p><p><span style=\"color: #000000;\">El Titular podr\u00e1 eliminar cualquier contenido o suspender el servicio si, seg\u00fan su propio criterio, incumple cualquiera de las normas y obligaciones descritas en este Aviso Legal.<\/span><\/p><p><span style=\"color: #000000;\">Para cualquier consulta o aclaraci\u00f3n sobre estas normas puede contactarnos v\u00eda email.<\/span><\/p><p><span style=\"color: #000000;\">6. Enlaces y limitaci\u00f3n de responsabilidad.<\/span><br \/><span style=\"color: #000000;\">El establecimiento de un hiperenlace no implica en ning\u00fan caso la existencia de relaciones entre el Titular y el propietario del sitio web en la que se establezca, ni la aceptaci\u00f3n y aprobaci\u00f3n por parte del Titular de sus contenidos o servicios. Aquellas personas que se propongan establecer un hiperenlace, previamente deber\u00e1n solicitar autorizaci\u00f3n por escrito al Titular. En todo caso, el hiperenlace \u00fanicamente permitir\u00e1 el acceso a la p\u00e1gina de inicio de nuestro sitio web. Asimismo, deber\u00e1 abstenerse de realizar manifestaciones o indicaciones falsas, inexactas o incorrectas sobre el Titular, o incluir contenidos il\u00edcitos, contrarios a las buenas costumbres y al orden p\u00fablico.<\/span><\/p><p><span style=\"color: #000000;\">El Titular no se responsabiliza del uso que cada usuario le d\u00e9 a los materiales puestos a disposici\u00f3n en este sitio web ni de las actuaciones que realice en base a los mismos. El contenido de la Web es de car\u00e1cter general y meramente informativo.<\/span><\/p><p><span style=\"color: #000000;\">El Titular no asumir\u00e1 responsabilidad por el contenido o funcionamiento de webs de terceros a los que el usuario del sitio Web pueda acceder mediante cualquier tipo de enlace.<\/span><\/p><p><span style=\"color: #000000;\">El Titular declina cualquier responsabilidad, hasta donde permita el ordenamiento jur\u00eddico, por los da\u00f1os y perjuicios derivados de la presencia de virus, de las actuaciones de terceros que vulneren derechos de propiedad, al honor, a la intimidad o sobre publicidad il\u00edcita.<\/span><\/p><p><span style=\"color: #000000;\">Si alg\u00fan usuario o tercero considera que en la Web se est\u00e1 cometiendo alg\u00fan il\u00edcito de cualquier tipo, debe remitir una comunicaci\u00f3n al Titular a la direcci\u00f3n de email que aparece en nuestros datos identificativos. Deber\u00e1 identificarse debidamente, especificando los hechos que denuncia.<\/span><\/p><p><span style=\"color: #000000;\">7. Privacidad.<\/span><br \/><span style=\"color: #000000;\">Si en la Web se recabaran datos personales, el Titular ser\u00e1 responsable de los mismos y los tratar\u00e1 con absoluta confidencialidad y seguridad. Podr\u00e1 encontrar m\u00e1s informaci\u00f3n en nuestra pol\u00edtica de privacidad y cookies.<\/span><\/p><p><span style=\"color: #000000;\">8. Modificaciones<\/span><br \/><span style=\"color: #000000;\">El Titular se reserva el derecho a realizar las modificaciones que considere oportunas, sin aviso previo, en el contenido de su sitio web. Tanto en lo referente a los contenidos del sitio web, como en las condiciones de uso del mismo, o en las condiciones generales de contrataci\u00f3n. Dichas modificaciones podr\u00e1n realizarse a trav\u00e9s de su sitio web por cualquier forma admisible en derecho y ser\u00e1n de obligado cumplimiento durante el tiempo en que se encuentren publicadas en el web y hasta que no sean modificadas v\u00e1lidamente por otras posteriores.<\/span><\/p><p><span style=\"color: #000000;\">9. Legislaci\u00f3n aplicable, soluci\u00f3n de cuestiones controvertidas y foro competente.<\/span><br \/><span style=\"color: #000000;\">El uso de la Web se regir\u00e1 por la legislaci\u00f3n espa\u00f1ola. Cualquier controversia que surja o guarde relaci\u00f3n con el uso de la Web, ser\u00e1 sometido a la jurisdicci\u00f3n no exclusiva de los Juzgados y Tribunales del municipio donde radica el domicilio social del Titular.<\/span><\/p>\t\t\t\t\t\t\t\t<\/div>\n\t\t\t\t<\/div>\n\t\t\t\t\t<\/div>\n\t\t\t\t<\/div>\n\t\t<div class=\"elementor-element elementor-element-2d3a89c0 e-flex e-con-boxed e-con e-parent\" data-id=\"2d3a89c0\" data-element_type=\"container\">\n\t\t\t\t\t<div class=\"e-con-inner\">\n\t\t<div class=\"elementor-element elementor-element-7efa45f7 e-flex e-con-boxed e-con e-child\" data-id=\"7efa45f7\" data-element_type=\"container\" data-settings=\"{&quot;background_background&quot;:&quot;classic&quot;}\">\n\t\t\t\t\t<div class=\"e-con-inner\">\n\t\t\t\t<div class=\"elementor-element elementor-element-3e32f223 elementor-widget elementor-widget-text-editor\" data-id=\"3e32f223\" data-element_type=\"widget\" data-widget_type=\"text-editor.default\">\n\t\t\t\t<div class=\"elementor-widget-container\">\n\t\t\t\t\t\t\t\t\t<p><span style=\"color: #333333;\"><a style=\"color: #333333;\" href=\"https:\/\/lamirandapalma.es\/index.php\/aviso-legal\/\">AVISO LEGAL<\/a> | <a style=\"color: #333333;\" href=\"https:\/\/lamirandapalma.es\/index.php\/politica-de-cookies-ue\/\">POL\u00cdTICA DE COOKIES<\/a> | <a style=\"color: #333333;\" href=\"https:\/\/lamirandapalma.es\/index.php\/politica-de-privacidad\/\">POL\u00cdTICA DE PRIVACIDAD<\/a><\/span><\/p>\t\t\t\t\t\t\t\t<\/div>\n\t\t\t\t<\/div>\n\t\t\t\t\t<\/div>\n\t\t\t\t<\/div>\n\t\t\t\t\t<\/div>\n\t\t\t\t<\/div>\n\t\t\t\t<\/div>\n\t\t","protected":false},"excerpt":{"rendered":"<p>AVISO LEGAL 1. Identificaci\u00f3n y contacto del propietario de la web. https:\/\/esroquissarbar.es\/ (en adelante la web), es propiedad de ES [&hellip;]<\/p>\n","protected":false},"author":1,"featured_media":0,"parent":0,"menu_order":0,"comment_status":"closed","ping_status":"closed","template":"elementor_canvas","meta":{"site-sidebar-layout":"no-sidebar","site-content-layout":"","ast-site-content-layout":"full-width-container","site-content-style":"default","site-sidebar-style":"default","ast-global-header-display":"","ast-banner-title-visibility":"","ast-main-header-display":"","ast-hfb-above-header-display":"","ast-hfb-below-header-display":"","ast-hfb-mobile-header-display":"","site-post-title":"disabled","ast-breadcrumbs-content":"","ast-featured-img":"disabled","footer-sml-layout":"","theme-transparent-header-meta":"","adv-header-id-meta":"","stick-header-meta":"","header-above-stick-meta":"","header-main-stick-meta":"","header-below-stick-meta":"","astra-migrate-meta-layouts":"default","ast-page-background-enabled":"default","ast-page-background-meta":{"desktop":{"background-color":"var(--ast-global-color-4)","background-image":"","background-repeat":"repeat","background-position":"center center","background-size":"auto","background-attachment":"scroll","background-type":"","background-media":"","overlay-type":"","overlay-color":"","overlay-opacity":"","overlay-gradient":""},"tablet":{"background-color":"","background-image":"","background-repeat":"repeat","background-position":"center center","background-size":"auto","background-attachment":"scroll","background-type":"","background-media":"","overlay-type":"","overlay-color":"","overlay-opacity":"","overlay-gradient":""},"mobile":{"background-color":"","background-image":"","background-repeat":"repeat","background-position":"center center","background-size":"auto","background-attachment":"scroll","background-type":"","background-media":"","overlay-type":"","overlay-color":"","overlay-opacity":"","overlay-gradient":""}},"ast-content-background-meta":{"desktop":{"background-color":"var(--ast-global-color-5)","background-image":"","background-repeat":"repeat","background-position":"center center","background-size":"auto","background-attachment":"scroll","background-type":"","background-media":"","overlay-type":"","overlay-color":"","overlay-opacity":"","overlay-gradient":""},"tablet":{"background-color":"var(--ast-global-color-5)","background-image":"","background-repeat":"repeat","background-position":"center center","background-size":"auto","background-attachment":"scroll","background-type":"","background-media":"","overlay-type":"","overlay-color":"","overlay-opacity":"","overlay-gradient":""},"mobile":{"background-color":"var(--ast-global-color-5)","background-image":"","background-repeat":"repeat","background-position":"center center","background-size":"auto","background-attachment":"scroll","background-type":"","background-media":"","overlay-type":"","overlay-color":"","overlay-opacity":"","overlay-gradient":""}},"footnotes":""},"class_list":["post-752","page","type-page","status-publish","hentry"],"yoast_head":"<!-- This site is optimized with the Yoast SEO plugin v24.1 - https:\/\/yoast.com\/wordpress\/plugins\/seo\/ -->\n<title>AVISO LEGAL | Es Roquissar Bar<\/title>\n<meta name=\"robots\" content=\"index, follow, max-snippet:-1, max-image-preview:large, max-video-preview:-1\" \/>\n<link rel=\"canonical\" href=\"https:\/\/esroquissarbar.com\/index.php\/aviso-legal\/\" \/>\n<meta property=\"og:locale\" content=\"es_ES\" \/>\n<meta property=\"og:type\" content=\"article\" \/>\n<meta property=\"og:title\" content=\"AVISO LEGAL | Es Roquissar Bar\" \/>\n<meta property=\"og:description\" content=\"AVISO LEGAL 1. Identificaci\u00f3n y contacto del propietario de la web. https:\/\/esroquissarbar.es\/ (en adelante la web), es propiedad de ES [&hellip;]\" \/>\n<meta property=\"og:url\" content=\"https:\/\/esroquissarbar.com\/index.php\/aviso-legal\/\" \/>\n<meta property=\"og:site_name\" content=\"Es Roquissar Bar\" \/>\n<meta property=\"article:modified_time\" content=\"2025-08-25T09:35:55+00:00\" \/>\n<meta property=\"og:image\" content=\"https:\/\/esroquissarbar.com\/wp-content\/uploads\/2024\/06\/ROQUI-CABECERA.png\" \/>\n\t<meta property=\"og:image:width\" content=\"1080\" \/>\n\t<meta property=\"og:image:height\" content=\"707\" \/>\n\t<meta property=\"og:image:type\" content=\"image\/png\" \/>\n<meta name=\"twitter:card\" content=\"summary_large_image\" \/>\n<meta name=\"twitter:label1\" content=\"Tiempo de lectura\" \/>\n\t<meta name=\"twitter:data1\" content=\"4 minutos\" \/>\n<script type=\"application\/ld+json\" class=\"yoast-schema-graph\">{\"@context\":\"https:\/\/schema.org\",\"@graph\":[{\"@type\":\"WebPage\",\"@id\":\"https:\/\/esroquissarbar.com\/index.php\/aviso-legal\/\",\"url\":\"https:\/\/esroquissarbar.com\/index.php\/aviso-legal\/\",\"name\":\"AVISO LEGAL | Es Roquissar Bar\",\"isPartOf\":{\"@id\":\"https:\/\/esroquissarbar.com\/#website\"},\"datePublished\":\"2024-06-19T13:45:32+00:00\",\"dateModified\":\"2025-08-25T09:35:55+00:00\",\"breadcrumb\":{\"@id\":\"https:\/\/esroquissarbar.com\/index.php\/aviso-legal\/#breadcrumb\"},\"inLanguage\":\"es\",\"potentialAction\":[{\"@type\":\"ReadAction\",\"target\":[\"https:\/\/esroquissarbar.com\/index.php\/aviso-legal\/\"]}]},{\"@type\":\"BreadcrumbList\",\"@id\":\"https:\/\/esroquissarbar.com\/index.php\/aviso-legal\/#breadcrumb\",\"itemListElement\":[{\"@type\":\"ListItem\",\"position\":1,\"name\":\"Inicio\",\"item\":\"https:\/\/esroquissarbar.com\/\"},{\"@type\":\"ListItem\",\"position\":2,\"name\":\"AVISO LEGAL\"}]},{\"@type\":\"WebSite\",\"@id\":\"https:\/\/esroquissarbar.com\/#website\",\"url\":\"https:\/\/esroquissarbar.com\/\",\"name\":\"Es Roquissar Bar\",\"description\":\"Restaurante de comida fusi\u00f3n en el coraz\u00f3n de Valldemossa\",\"alternateName\":\"Es Roquissar Bar\",\"potentialAction\":[{\"@type\":\"SearchAction\",\"target\":{\"@type\":\"EntryPoint\",\"urlTemplate\":\"https:\/\/esroquissarbar.com\/?s={search_term_string}\"},\"query-input\":{\"@type\":\"PropertyValueSpecification\",\"valueRequired\":true,\"valueName\":\"search_term_string\"}}],\"inLanguage\":\"es\"}]}<\/script>\n<!-- \/ Yoast SEO plugin. -->","yoast_head_json":{"title":"AVISO LEGAL | Es Roquissar Bar","robots":{"index":"index","follow":"follow","max-snippet":"max-snippet:-1","max-image-preview":"max-image-preview:large","max-video-preview":"max-video-preview:-1"},"canonical":"https:\/\/esroquissarbar.com\/index.php\/aviso-legal\/","og_locale":"es_ES","og_type":"article","og_title":"AVISO LEGAL | Es Roquissar Bar","og_description":"AVISO LEGAL 1. Identificaci\u00f3n y contacto del propietario de la web. https:\/\/esroquissarbar.es\/ (en adelante la web), es propiedad de ES [&hellip;]","og_url":"https:\/\/esroquissarbar.com\/index.php\/aviso-legal\/","og_site_name":"Es Roquissar Bar","article_modified_time":"2025-08-25T09:35:55+00:00","og_image":[{"width":1080,"height":707,"url":"https:\/\/esroquissarbar.com\/wp-content\/uploads\/2024\/06\/ROQUI-CABECERA.png","type":"image\/png"}],"twitter_card":"summary_large_image","twitter_misc":{"Tiempo de lectura":"4 minutos"},"schema":{"@context":"https:\/\/schema.org","@graph":[{"@type":"WebPage","@id":"https:\/\/esroquissarbar.com\/index.php\/aviso-legal\/","url":"https:\/\/esroquissarbar.com\/index.php\/aviso-legal\/","name":"AVISO LEGAL | Es Roquissar Bar","isPartOf":{"@id":"https:\/\/esroquissarbar.com\/#website"},"datePublished":"2024-06-19T13:45:32+00:00","dateModified":"2025-08-25T09:35:55+00:00","breadcrumb":{"@id":"https:\/\/esroquissarbar.com\/index.php\/aviso-legal\/#breadcrumb"},"inLanguage":"es","potentialAction":[{"@type":"ReadAction","target":["https:\/\/esroquissarbar.com\/index.php\/aviso-legal\/"]}]},{"@type":"BreadcrumbList","@id":"https:\/\/esroquissarbar.com\/index.php\/aviso-legal\/#breadcrumb","itemListElement":[{"@type":"ListItem","position":1,"name":"Inicio","item":"https:\/\/esroquissarbar.com\/"},{"@type":"ListItem","position":2,"name":"AVISO LEGAL"}]},{"@type":"WebSite","@id":"https:\/\/esroquissarbar.com\/#website","url":"https:\/\/esroquissarbar.com\/","name":"Es Roquissar Bar","description":"Restaurante de comida fusi\u00f3n en el coraz\u00f3n de Valldemossa","alternateName":"Es Roquissar Bar","potentialAction":[{"@type":"SearchAction","target":{"@type":"EntryPoint","urlTemplate":"https:\/\/esroquissarbar.com\/?s={search_term_string}"},"query-input":{"@type":"PropertyValueSpecification","valueRequired":true,"valueName":"search_term_string"}}],"inLanguage":"es"}]}},"_links":{"self":[{"href":"https:\/\/esroquissarbar.com\/index.php\/wp-json\/wp\/v2\/pages\/752","targetHints":{"allow":["GET"]}}],"collection":[{"href":"https:\/\/esroquissarbar.com\/index.php\/wp-json\/wp\/v2\/pages"}],"about":[{"href":"https:\/\/esroquissarbar.com\/index.php\/wp-json\/wp\/v2\/types\/page"}],"author":[{"embeddable":true,"href":"https:\/\/esroquissarbar.com\/index.php\/wp-json\/wp\/v2\/users\/1"}],"replies":[{"embeddable":true,"href":"https:\/\/esroquissarbar.com\/index.php\/wp-json\/wp\/v2\/comments?post=752"}],"version-history":[{"count":29,"href":"https:\/\/esroquissarbar.com\/index.php\/wp-json\/wp\/v2\/pages\/752\/revisions"}],"predecessor-version":[{"id":5179,"href":"https:\/\/esroquissarbar.com\/index.php\/wp-json\/wp\/v2\/pages\/752\/revisions\/5179"}],"wp:attachment":[{"href":"https:\/\/esroquissarbar.com\/index.php\/wp-json\/wp\/v2\/media?parent=752"}],"curies":[{"name":"wp","href":"https:\/\/api.w.org\/{rel}","templated":true}]}}